{"id":112,"date":"2022-10-10T01:12:28","date_gmt":"2022-10-09T22:12:28","guid":{"rendered":"https:\/\/vinkler.ee\/?post_type=product&#038;p=112"},"modified":"2022-12-09T20:58:09","modified_gmt":"2022-12-09T18:58:09","slug":"serveerimis-alused-2","status":"publish","type":"product","link":"https:\/\/vinkler.ee\/en\/toode\/serveerimis-alused-2\/","title":{"rendered":"Serveerimis alused"},"content":{"rendered":"","protected":false},"excerpt":{"rendered":"<div class=\"woocommerce-product-details__short-description\">\n<p>Valmistatud peamiselt lepapuust<\/p>\n<p>Suurused: varieeruvalt ca 35-40 cm pikad ja 12 \u2013 18 cm laiad<\/p>\n<p>Viimistletud loodusliku lina\u00f5liga<\/p>\n<p>Tellimusele on v\u00f5imalus ise j\u00e4rele tulla v\u00f5i lepime kokku tarnes.<br \/>\nKliendi soovil toome kaubad ise kohale v\u00f5i saadame kulleriga.<br \/>\nLisandub transpordi v\u00f5i kulleri tasu kokkuleppel kliendiga.<\/p>\n<p>Tarneaeg on laokaupadele 2-3 p\u00e4eva, valmistatavale tootele hinnanguliselt 2-14 p\u00e4eva. T\u00e4psustame enne tellimuse kinnitamist.<\/p>\n<\/div>\n","protected":false},"featured_media":113,"comment_status":"open","ping_status":"closed","template":"","meta":{"slim_seo":{"title":"Serveerimis alused - JAANI SAUNAPOOD","description":"Valmistatud peamiselt lepapuust Suurused: varieeruvalt ca 35-40 cm pikad ja 12 \u2013 18 cm laiad Viimistletud loodusliku lina\u00f5liga Tellimusele on v\u00f5imalus ise j\u00e4rel"}},"product_brand":[],"product_cat":[25],"product_tag":[],"class_list":{"0":"post-112","1":"product","2":"type-product","3":"status-publish","4":"has-post-thumbnail","6":"product_cat-muud-kasitoo-tooted","8":"first","9":"instock","10":"sale","11":"shipping-taxable","12":"purchasable","13":"product-type-simple"},"jetpack_sharing_enabled":true,"_links":{"self":[{"href":"https:\/\/vinkler.ee\/en\/wp-json\/wp\/v2\/product\/112","targetHints":{"allow":["GET"]}}],"collection":[{"href":"https:\/\/vinkler.ee\/en\/wp-json\/wp\/v2\/product"}],"about":[{"href":"https:\/\/vinkler.ee\/en\/wp-json\/wp\/v2\/types\/product"}],"replies":[{"embeddable":true,"href":"https:\/\/vinkler.ee\/en\/wp-json\/wp\/v2\/comments?post=112"}],"wp:featuredmedia":[{"embeddable":true,"href":"https:\/\/vinkler.ee\/en\/wp-json\/wp\/v2\/media\/113"}],"wp:attachment":[{"href":"https:\/\/vinkler.ee\/en\/wp-json\/wp\/v2\/media?parent=112"}],"wp:term":[{"taxonomy":"product_brand","embeddable":true,"href":"https:\/\/vinkler.ee\/en\/wp-json\/wp\/v2\/product_brand?post=112"},{"taxonomy":"product_cat","embeddable":true,"href":"https:\/\/vinkler.ee\/en\/wp-json\/wp\/v2\/product_cat?post=112"},{"taxonomy":"product_tag","embeddable":true,"href":"https:\/\/vinkler.ee\/en\/wp-json\/wp\/v2\/product_tag?post=112"}],"curies":[{"name":"wp","href":"https:\/\/api.w.org\/{rel}","templated":true}]}}