{"id":110,"date":"2022-10-10T01:02:30","date_gmt":"2022-10-09T22:02:30","guid":{"rendered":"https:\/\/vinkler.ee\/?post_type=product&#038;p=110"},"modified":"2022-12-09T21:07:07","modified_gmt":"2022-12-09T19:07:07","slug":"serveerimis-alused","status":"publish","type":"product","link":"https:\/\/vinkler.ee\/en\/toode\/serveerimis-alused\/","title":{"rendered":"Serveerimis alused"},"content":{"rendered":"","protected":false},"excerpt":{"rendered":"<p>Valmistatud peamiselt lepapuust<\/p>\n<p>Suurused: varieeruvalt 40-45 cm pikad koos k\u00e4epidemega ja 15 &#8211; 18 cm laiad<\/p>\n<p>Viimistletud loodusliku lina\u00f5liga<\/p>\n<p>Tellimusele on v\u00f5imalus ise j\u00e4rele tulla v\u00f5i lepime kokku tarnes.<br \/>\nKliendi soovil toome kaubad ise kohale v\u00f5i saadame kulleriga.<br \/>\nLisandub transpordi v\u00f5i kulleri tasu kokkuleppel kliendiga.<\/p>\n<p>Tarneaeg on laokaupadele 2-3 p\u00e4eva, valmistatavale tootele hinnanguliselt 2-14 p\u00e4eva. T\u00e4psustame enne tellimuse kinnitamist.<\/p>\n","protected":false},"featured_media":109,"comment_status":"open","ping_status":"closed","template":"","meta":{"slim_seo":{"title":"Serveerimis alused - JAANI SAUNAPOOD","description":"Valmistatud peamiselt lepapuust Suurused: varieeruvalt 40-45 cm pikad koos k\u00e4epidemega ja 15 - 18 cm laiad Viimistletud loodusliku lina\u00f5liga Tellimusele on v\u00f5im"}},"product_brand":[],"product_cat":[25],"product_tag":[],"class_list":{"0":"post-110","1":"product","2":"type-product","3":"status-publish","4":"has-post-thumbnail","6":"product_cat-muud-kasitoo-tooted","8":"first","9":"instock","10":"sale","11":"shipping-taxable","12":"purchasable","13":"product-type-simple"},"jetpack_sharing_enabled":true,"_links":{"self":[{"href":"https:\/\/vinkler.ee\/en\/wp-json\/wp\/v2\/product\/110","targetHints":{"allow":["GET"]}}],"collection":[{"href":"https:\/\/vinkler.ee\/en\/wp-json\/wp\/v2\/product"}],"about":[{"href":"https:\/\/vinkler.ee\/en\/wp-json\/wp\/v2\/types\/product"}],"replies":[{"embeddable":true,"href":"https:\/\/vinkler.ee\/en\/wp-json\/wp\/v2\/comments?post=110"}],"wp:featuredmedia":[{"embeddable":true,"href":"https:\/\/vinkler.ee\/en\/wp-json\/wp\/v2\/media\/109"}],"wp:attachment":[{"href":"https:\/\/vinkler.ee\/en\/wp-json\/wp\/v2\/media?parent=110"}],"wp:term":[{"taxonomy":"product_brand","embeddable":true,"href":"https:\/\/vinkler.ee\/en\/wp-json\/wp\/v2\/product_brand?post=110"},{"taxonomy":"product_cat","embeddable":true,"href":"https:\/\/vinkler.ee\/en\/wp-json\/wp\/v2\/product_cat?post=110"},{"taxonomy":"product_tag","embeddable":true,"href":"https:\/\/vinkler.ee\/en\/wp-json\/wp\/v2\/product_tag?post=110"}],"curies":[{"name":"wp","href":"https:\/\/api.w.org\/{rel}","templated":true}]}}