{"id":97,"date":"2022-09-10T04:10:44","date_gmt":"2022-09-10T01:10:44","guid":{"rendered":"https:\/\/vinkler.ee\/?page_id=97"},"modified":"2025-12-28T01:17:32","modified_gmt":"2025-12-27T23:17:32","slug":"kontakt","status":"publish","type":"page","link":"https:\/\/vinkler.ee\/en\/kontakt\/","title":{"rendered":"KONTAKT"},"content":{"rendered":"\n<p><\/p>\n\n\n\n<p class=\"has-black-color has-text-color\">Jaani meistrituba asub Ida-Virumaal Alutaguse metsade ja j\u00e4rvede k\u00f5rval. Soovid meie teenuseid, v\u00f5ta julgesti \u00fchendust tuleme kohale arutame plaani, teeme pakkumise ja varsti oled uue toote v\u00f5rra rikkam. Meiega saad \u00fchendust kasutades j\u00e4rgmisi kontakte:<\/p>\n\n\n\n<p><\/p>\n\n\n\n<p>Alutaguse vald, Vasavere k\u00fcla, Sillaotsa talu<\/p>\n\n\n\n<p>Tel. +372 5257211<\/p>\n\n\n\n<p>E-post: jaan@wektor.ee<\/p>\n\n\n\n<figure class=\"wp-block-image size-full is-resized\"><img loading=\"lazy\" decoding=\"async\" width=\"1041\" height=\"831\" src=\"https:\/\/vinkler.ee\/wp-content\/uploads\/2025\/12\/Saunapood-logo-Copy.png\" alt=\"Saunapood logo Copy\" class=\"wp-image-661\" style=\"width:294px;height:auto\" srcset=\"https:\/\/vinkler.ee\/wp-content\/uploads\/2025\/12\/Saunapood-logo-Copy.png 1041w, https:\/\/vinkler.ee\/wp-content\/uploads\/2025\/12\/Saunapood-logo-Copy-300x239.png 300w, https:\/\/vinkler.ee\/wp-content\/uploads\/2025\/12\/Saunapood-logo-Copy-1024x817.png 1024w, https:\/\/vinkler.ee\/wp-content\/uploads\/2025\/12\/Saunapood-logo-Copy-768x613.png 768w, https:\/\/vinkler.ee\/wp-content\/uploads\/2025\/12\/Saunapood-logo-Copy-416x332.png 416w\" sizes=\"auto, (max-width: 1041px) 100vw, 1041px\" \/><\/figure>\n\n\n\n<p><\/p>\n","protected":false},"excerpt":{"rendered":"<p>Jaani meistrituba asub Ida-Virumaal Alutaguse metsade ja j\u00e4rvede k\u00f5rval. Soovid meie teenuseid, v\u00f5ta julgesti \u00fchendust tuleme kohale arutame plaani, teeme pakkumise ja varsti oled uue toote v\u00f5rra rikkam. Meiega saad \u00fchendust kasutades j\u00e4rgmisi kontakte: Alutaguse vald, Vasavere k\u00fcla, Sillaotsa talu Tel. +372 5257211 E-post: jaan@wektor.ee<\/p>\n","protected":false},"author":1,"featured_media":0,"parent":0,"menu_order":0,"comment_status":"closed","ping_status":"closed","template":"","meta":{"slim_seo":{"title":"JAANI SAUNA POOD, Ida-Virumaa, J\u00f5hvi, Narva, Sillam\u00e4e Kohtla","description":"Saun aiamaja suvila kuur garaa\u017e varjualune lehtla grillmaja k\u00e4mping puitm\u00f6\u00f6bel aiam\u00f6\u00f6bel kasvuhoone v\u00e4lik\u00e4imla koerakuut kassimaja kaev lillekast ehitus m\u00fc\u00fck"},"footnotes":""},"class_list":["post-97","page","type-page","status-publish","hentry"],"jetpack_sharing_enabled":true,"_links":{"self":[{"href":"https:\/\/vinkler.ee\/en\/wp-json\/wp\/v2\/pages\/97","targetHints":{"allow":["GET"]}}],"collection":[{"href":"https:\/\/vinkler.ee\/en\/wp-json\/wp\/v2\/pages"}],"about":[{"href":"https:\/\/vinkler.ee\/en\/wp-json\/wp\/v2\/types\/page"}],"author":[{"embeddable":true,"href":"https:\/\/vinkler.ee\/en\/wp-json\/wp\/v2\/users\/1"}],"replies":[{"embeddable":true,"href":"https:\/\/vinkler.ee\/en\/wp-json\/wp\/v2\/comments?post=97"}],"version-history":[{"count":9,"href":"https:\/\/vinkler.ee\/en\/wp-json\/wp\/v2\/pages\/97\/revisions"}],"predecessor-version":[{"id":663,"href":"https:\/\/vinkler.ee\/en\/wp-json\/wp\/v2\/pages\/97\/revisions\/663"}],"wp:attachment":[{"href":"https:\/\/vinkler.ee\/en\/wp-json\/wp\/v2\/media?parent=97"}],"curies":[{"name":"wp","href":"https:\/\/api.w.org\/{rel}","templated":true}]}}