{"id":3,"date":"2022-09-03T18:31:07","date_gmt":"2022-09-03T18:31:07","guid":{"rendered":"https:\/\/vinkler.ee\/?page_id=3"},"modified":"2025-12-25T16:06:16","modified_gmt":"2025-12-25T14:06:16","slug":"privacy-policy","status":"publish","type":"page","link":"https:\/\/vinkler.ee\/en\/privacy-policy\/","title":{"rendered":"Privaatsuspoliitika"},"content":{"rendered":"\n<h2 class=\"wp-block-heading\">Kes me oleme<\/h2>\n\n\n\n<p>Meie veebisaidi aadress on: https:\/\/vinkler.ee.<\/p>\n\n\n\n<h2 class=\"wp-block-heading\">Kommentaarid<\/h2>\n\n\n\n<p>Kui k\u00fclastajad saidile kommentaare j\u00e4tavad, kogume kommentaarivormil kuvatud andmeid ning ka k\u00fclastaja IP-aadressi ja brauseri kasutajaagendi stringi, et aidata r\u00e4mpsposti tuvastada.<\/p>\n\n\n\n<p>Teie e-posti aadressist loodud anon\u00fc\u00fcmne string (nimetatakse ka r\u00e4siks) v\u00f5idakse Gravatar teenusele edastada, et n\u00e4ha, kas te seda kasutate. Gravatar teenuse privaatsuspoliitika on saadaval siin: https:\/\/automattic.com\/privacy\/. P\u00e4rast teie kommentaari kinnitamist on teie profiilipilt teie kommentaari kontekstis avalikkusele n\u00e4htav.<\/p>\n\n\n\n<h2 class=\"wp-block-heading\">Meedia<\/h2>\n\n\n\n<p>Kui laadite veebisaidile \u00fcles pilte, peaksite v\u00e4ltima manustatud asukohaandmetega (EXIF GPS) piltide \u00fcleslaadimist. Veebisaidi k\u00fclastajad saavad veebisaidil olevatest piltidest asukohaandmeid alla laadida ja neist eraldada.<\/p>\n\n\n\n<h2 class=\"wp-block-heading\">K\u00fcpsised<\/h2>\n\n\n\n<p>Kui j\u00e4tate meie saidile kommentaari, v\u00f5ite valida oma nime, e-posti aadressi ja veebisaidi salvestamise k\u00fcpsistesse. Need on teie mugavuse huvides, et te ei peaks oma andmeid uuesti sisestama, kui j\u00e4tate j\u00e4rgmise kommentaari. Need k\u00fcpsised kestavad \u00fche aasta.<\/p>\n\n\n\n<p>Kui k\u00fclastate meie sisselogimislehte, seadistame ajutise k\u00fcpsise, et teha kindlaks, kas teie brauser k\u00fcpsiseid aktsepteerib. See k\u00fcpsis ei sisalda isikuandmeid ja see kustutatakse brauseri sulgemisel.<\/p>\n\n\n\n<p>Sisselogimisel seadistame ka mitu k\u00fcpsist teie sisselogimisteabe ja ekraanikuva valikute salvestamiseks. Sisselogimisk\u00fcpsised kestavad kaks p\u00e4eva ja ekraanivalikute k\u00fcpsised aasta. Kui valite \u201ePea mind meeles\u201c, s\u00e4ilib teie sisselogimine kaks n\u00e4dalat. Kui logite oma kontolt v\u00e4lja, eemaldatakse sisselogimisk\u00fcpsised.<\/p>\n\n\n\n<p>Kui muudate v\u00f5i avaldate artiklit, salvestatakse teie brauserisse t\u00e4iendav k\u00fcpsis. See k\u00fcpsis ei sisalda isikuandmeid ja n\u00e4itab lihtsalt \u00e4sja muudetud artikli postituse ID-d. See aegub \u00fche p\u00e4eva p\u00e4rast.<\/p>\n\n\n\n<h2 class=\"wp-block-heading\">Teistelt veebisaitidelt manustatud sisu<\/h2>\n\n\n\n<p>Sellel saidil olevad artiklid v\u00f5ivad sisaldada manustatud sisu (nt videod, pildid, artiklid jne). Teistelt veebisaitidelt manustatud sisu k\u00e4itub t\u00e4pselt samamoodi, nagu oleks k\u00fclastaja k\u00fclastanud teist veebisaiti.<\/p>\n\n\n\n<p>Need veebisaidid v\u00f5ivad koguda teie kohta andmeid, kasutada k\u00fcpsiseid, manustada t\u00e4iendavaid kolmandate osapoolte j\u00e4lgimiss\u00fcsteeme ja j\u00e4lgida teie suhtlust selle manustatud sisuga, sealhulgas j\u00e4lgida teie suhtlust manustatud sisuga, kui teil on konto ja olete sellele veebisaidile sisse logitud.<\/p>\n\n\n\n<h2 class=\"wp-block-heading\">Kellega me teie andmeid jagame<\/h2>\n\n\n\n<p>Kui taotlete parooli l\u00e4htestamist, lisatakse teie IP-aadress l\u00e4htestamise e-kirjale.<\/p>\n\n\n\n<h2 class=\"wp-block-heading\">Kui kaua me teie andmeid s\u00e4ilitame<\/h2>\n\n\n\n<p>Kui j\u00e4tate kommentaari, s\u00e4ilitatakse kommentaar ja selle metaandmed t\u00e4htajatult. See on selleks, et saaksime j\u00e4relkommentaare automaatselt \u00e4ra tunda ja kinnitada, selle asemel, et neid modereerimisj\u00e4rjekorras hoida.<\/p>\n\n\n\n<p>Meie veebisaidil registreerunud kasutajate (kui neid on) isikuandmeid salvestame ka nende kasutaja profiili. K\u00f5ik kasutajad saavad oma isikuandmeid igal ajal vaadata, muuta v\u00f5i kustutada (v\u00e4lja arvatud see, et nad ei saa muuta oma kasutaja nime). Veebisaidi administraatorid saavad seda teavet samuti vaadata ja muuta.<\/p>\n\n\n\n<h2 class=\"wp-block-heading\">Millised \u00f5igused teil oma andmete \u00fcle on<\/h2>\n\n\n\n<p>Kui teil on sellel saidil konto v\u00f5i olete kommentaare j\u00e4tnud, v\u00f5ite taotleda eksporditud faili teie isikuandmetest, mida me teie kohta hoiame, sealhulgas andmetest, mida olete meile edastanud. Samuti v\u00f5ite taotleda, et me kustutaksime k\u00f5ik teie kohta hoitavad isikuandmed. See ei h\u00f5lma andmeid, mida oleme kohustatud s\u00e4ilitama haldus-, juriidilistel v\u00f5i turvaeesm\u00e4rkidel.<\/p>\n\n\n\n<h2 class=\"wp-block-heading\">Kuhu teie andmeid saadetakse<\/h2>\n\n\n\n<p>K\u00fclastajate kommentaare v\u00f5idakse kontrollida automaatse r\u00e4mpsposti tuvastamise teenuse abil.<\/p>\n\n\n\n<div class=\"wp-block-group alignfull is-content-justification-space-between is-layout-flex wp-container-core-group-is-layout-83af0991 wp-block-group-is-layout-flex\" style=\"margin-top:0;margin-bottom:0;padding-top:var(--wp--preset--spacing--50);padding-right:var(--wp--preset--spacing--30);padding-bottom:var(--wp--preset--spacing--50);padding-left:var(--wp--preset--spacing--30)\">\n<div class=\"wp-block-group wp-container-content-9cfa9a5a is-vertical is-layout-flex wp-container-core-group-is-layout-2d729e81 wp-block-group-is-layout-flex\"><h1 class=\"wp-block-site-title has-medium-font-size\"><a href=\"https:\/\/vinkler.ee\/en\" target=\"_self\" rel=\"home\">JAANI SAUNAPOOD<\/a><\/h1>\n\n\n<div style=\"height:0px\" aria-hidden=\"true\" class=\"wp-block-spacer wp-container-content-541a6b20\"><\/div>\n<\/div>\n\n\n\n<div class=\"wp-block-group is-content-justification-right is-layout-flex wp-container-core-group-is-layout-35d1f3ed wp-block-group-is-layout-flex\"><\/div>\n<\/div>\n","protected":false},"excerpt":{"rendered":"<p>Kes me oleme Meie veebisaidi aadress on: https:\/\/vinkler.ee. Kommentaarid Kui k\u00fclastajad saidile kommentaare j\u00e4tavad, kogume kommentaarivormil kuvatud andmeid ning ka k\u00fclastaja IP-aadressi ja brauseri kasutajaagendi stringi, et aidata r\u00e4mpsposti tuvastada. Teie e-posti aadressist loodud anon\u00fc\u00fcmne string (nimetatakse ka r\u00e4siks) v\u00f5idakse Gravatar teenusele edastada, et n\u00e4ha, kas te seda kasutate. Gravatar teenuse privaatsuspoliitika on saadaval siin: [&hellip;]<\/p>\n","protected":false},"author":1,"featured_media":0,"parent":0,"menu_order":0,"comment_status":"closed","ping_status":"open","template":"","meta":{"slim_seo":{"title":"JAANI SAUNA POOD, Ida-Virumaa, J\u00f5hvi, Narva, Sillam\u00e4e Kohtla","description":"Saun aiamaja suvila kuur garaa\u017e varjualune lehtla grillmaja k\u00e4mping puitm\u00f6\u00f6bel aiam\u00f6\u00f6bel kasvuhoone v\u00e4lik\u00e4imla koerakuut kassimaja kaev lillekast ehitus m\u00fc\u00fck"},"footnotes":""},"class_list":["post-3","page","type-page","status-publish","hentry"],"jetpack_sharing_enabled":true,"_links":{"self":[{"href":"https:\/\/vinkler.ee\/en\/wp-json\/wp\/v2\/pages\/3","targetHints":{"allow":["GET"]}}],"collection":[{"href":"https:\/\/vinkler.ee\/en\/wp-json\/wp\/v2\/pages"}],"about":[{"href":"https:\/\/vinkler.ee\/en\/wp-json\/wp\/v2\/types\/page"}],"author":[{"embeddable":true,"href":"https:\/\/vinkler.ee\/en\/wp-json\/wp\/v2\/users\/1"}],"replies":[{"embeddable":true,"href":"https:\/\/vinkler.ee\/en\/wp-json\/wp\/v2\/comments?post=3"}],"version-history":[{"count":5,"href":"https:\/\/vinkler.ee\/en\/wp-json\/wp\/v2\/pages\/3\/revisions"}],"predecessor-version":[{"id":657,"href":"https:\/\/vinkler.ee\/en\/wp-json\/wp\/v2\/pages\/3\/revisions\/657"}],"wp:attachment":[{"href":"https:\/\/vinkler.ee\/en\/wp-json\/wp\/v2\/media?parent=3"}],"curies":[{"name":"wp","href":"https:\/\/api.w.org\/{rel}","templated":true}]}}